{"id":321,"date":"2020-03-10T14:50:23","date_gmt":"2020-03-10T13:50:23","guid":{"rendered":"http:\/\/lhexagone.pl\/?page_id=321"},"modified":"2021-03-02T13:44:09","modified_gmt":"2021-03-02T12:44:09","slug":"page-daccueil","status":"publish","type":"page","link":"https:\/\/lhexagone.pl\/fr\/page-daccueil\/","title":{"rendered":"Page d'accueil"},"content":{"rendered":"","protected":false},"excerpt":{"rendered":"","protected":false},"author":3,"featured_media":0,"parent":0,"menu_order":0,"comment_status":"closed","ping_status":"closed","template":"","meta":{"_acf_changed":false,"_seopress_robots_primary_cat":"","_seopress_titles_title":"","_seopress_titles_desc":"L&#039;Hexagone to agencja rozwoju wsp\u00f3\u0142pracy polsko-francuskiej, kt\u00f3ra zajmuje si\u0119 organizacj\u0105 mi\u0119dzynarodowych konferencji i nie tylko.","_seopress_robots_index":"","footnotes":""},"class_list":["post-321","page","type-page","status-publish","hentry"],"acf":[],"_links":{"self":[{"href":"https:\/\/lhexagone.pl\/fr\/wp-json\/wp\/v2\/pages\/321","targetHints":{"allow":["GET"]}}],"collection":[{"href":"https:\/\/lhexagone.pl\/fr\/wp-json\/wp\/v2\/pages"}],"about":[{"href":"https:\/\/lhexagone.pl\/fr\/wp-json\/wp\/v2\/types\/page"}],"author":[{"embeddable":true,"href":"https:\/\/lhexagone.pl\/fr\/wp-json\/wp\/v2\/users\/3"}],"replies":[{"embeddable":true,"href":"https:\/\/lhexagone.pl\/fr\/wp-json\/wp\/v2\/comments?post=321"}],"version-history":[{"count":0,"href":"https:\/\/lhexagone.pl\/fr\/wp-json\/wp\/v2\/pages\/321\/revisions"}],"wp:attachment":[{"href":"https:\/\/lhexagone.pl\/fr\/wp-json\/wp\/v2\/media?parent=321"}],"curies":[{"name":"wp","href":"https:\/\/api.w.org\/{rel}","templated":true}]}}