{"id":328,"date":"2020-03-10T15:31:41","date_gmt":"2020-03-10T14:31:41","guid":{"rendered":"http:\/\/lhexagone.pl\/?page_id=328"},"modified":"2020-03-21T16:48:09","modified_gmt":"2020-03-21T15:48:09","slug":"lhexagone-fr","status":"publish","type":"page","link":"https:\/\/lhexagone.pl\/fr\/lhexagone-fr\/","title":{"rendered":"L'Hexagone FR"},"content":{"rendered":"<p>L\u2019HEXAGONE ton partenaire en Pologne et en France pour vos relations avec les clients polonais&nbsp;:<\/p>\n\n\n\n<p>- organisation de rencontres B2B<\/p>\n\n\n\n<p>- organisation de missions&nbsp;bilat\u00e9rales<\/p>\n\n\n\n<p>- d\u00e9marches pour votre pr\u00e9sence aux salons professionnels en Pologne<\/p>\n\n\n\n<p>- aide pour trouver des partenaires<\/p>\n\n\n\n<p>- traductions&nbsp;juridiques<\/p>\n\n\n\n<p>- service d\u2019interpr\u00e9tariat&nbsp;lors de vos rencontres d\u2019affaires<\/p>","protected":false},"excerpt":{"rendered":"<p>L\u2019HEXAGONE ton partenaire en Pologne et en France pour vos relations avec les clients polonais&nbsp;: - organisation de rencontres B2B - organisation de missions&nbsp;bilat\u00e9rales - d\u00e9marches pour votre pr\u00e9sence aux [&hellip;]<\/p>\n","protected":false},"author":3,"featured_media":0,"parent":0,"menu_order":0,"comment_status":"closed","ping_status":"closed","template":"","meta":{"_acf_changed":false,"_seopress_robots_primary_cat":"","_seopress_titles_title":"","_seopress_titles_desc":"Wejd\u017a na stron\u0119 i zobacz czym zajmuje si\u0119 agencja L&#039;Hexagone.","_seopress_robots_index":"","footnotes":""},"class_list":["post-328","page","type-page","status-publish","hentry"],"acf":[],"_links":{"self":[{"href":"https:\/\/lhexagone.pl\/fr\/wp-json\/wp\/v2\/pages\/328","targetHints":{"allow":["GET"]}}],"collection":[{"href":"https:\/\/lhexagone.pl\/fr\/wp-json\/wp\/v2\/pages"}],"about":[{"href":"https:\/\/lhexagone.pl\/fr\/wp-json\/wp\/v2\/types\/page"}],"author":[{"embeddable":true,"href":"https:\/\/lhexagone.pl\/fr\/wp-json\/wp\/v2\/users\/3"}],"replies":[{"embeddable":true,"href":"https:\/\/lhexagone.pl\/fr\/wp-json\/wp\/v2\/comments?post=328"}],"version-history":[{"count":0,"href":"https:\/\/lhexagone.pl\/fr\/wp-json\/wp\/v2\/pages\/328\/revisions"}],"wp:attachment":[{"href":"https:\/\/lhexagone.pl\/fr\/wp-json\/wp\/v2\/media?parent=328"}],"curies":[{"name":"wp","href":"https:\/\/api.w.org\/{rel}","templated":true}]}}